{"id":372,"date":"2021-11-24T16:46:18","date_gmt":"2021-11-24T16:46:18","guid":{"rendered":"https:\/\/les-galets-rouges.ms.decms.eu\/rooms-and-suites\/suite-vue-panoramique-bain-du-cure-jardin-montagne\/"},"modified":"2024-02-29T14:28:48","modified_gmt":"2024-02-29T14:28:48","slug":"suite-view-of-bain-du-cure-the-garden-the-mountains","status":"publish","type":"page","link":"https:\/\/www.lesgaletsrouges.com\/en\/rooms-and-suites\/suite-view-of-bain-du-cure-the-garden-the-mountains\/","title":{"rendered":"Suite : View of Bain du Cur\u00e9 \u2013 The Garden \u2013 The Mountains"},"content":{"rendered":"<p>A beautiful 72m\u00b2 space with a sitting area for timeless moments with your partner or family. This suite has a bedroom with a large bed and a beautiful and carefully designed modern sitting room. Here, you will have a superb view of Bain de Cur\u00e9 from your fully furnished terrace.<\/p>\n<p>This large and voluminous light-filled room and its beautiful terrace open onto a private pool.<br \/>\nIts modern bathroom is equipped with a single vanity, a large mirror and an Italian-style shower overlooking the night sky.<\/p>\n<p><strong>Breakfast are served in buffet<\/strong>. We also offer room service so you can enjoy a <a href=\"https:\/\/les-galets-rouges.ms.decms.eu\/en\/about-the-hotel\/floating-breakfast\/\">floating breakfast<\/a> served from your private pool.<\/p>\n<h2 style=\"text-align: center\">Did you know?<\/h2>\n<p style=\"text-align: center\">The volcanic water from Bain du Cur\u00e9 is world-renown for its therapeutic properties.<\/p>\n","protected":false},"excerpt":{"rendered":"<p>A beautiful 72m\u00b2 space with a sitting area for timeless moments with your partner or family. This suite has a bedroom with a large bed and a beautiful and carefully designed modern sitting room. Here, you will have a superb view of Bain de Cur\u00e9 from your fully furnished terrace. This large and voluminous light-filled [&hellip;]<\/p>\n","protected":false},"author":137,"featured_media":646,"parent":351,"menu_order":80,"comment_status":"closed","ping_status":"closed","template":"template-single-room.php","meta":{"footnotes":""},"class_list":["post-372","page","type-page","status-publish","has-post-thumbnail","hentry"],"yoast_head":"<!-- This site is optimized with the Yoast SEO plugin v26.9 - https:\/\/yoast.com\/product\/yoast-seo-wordpress\/ -->\n<title>Hotel suite Bouillante Guadeloupe with sea view of Bain du Cur\u00e9 and the Mountains | Les Galets Rouges<\/title>\n<meta name=\"description\" content=\"Book your luxury trip in Guadeloupe in this prestigious 72m2 suite with a large queen size bed for an optimal comfort. Enjoy a large private pool and a superb terrace facing the sea and the mountains in Bouillante for a dream holiday.\" \/>\n<meta name=\"robots\" content=\"index, follow, max-snippet:-1, max-image-preview:large, max-video-preview:-1\" \/>\n<link rel=\"canonical\" href=\"https:\/\/www.lesgaletsrouges.com\/en\/rooms-and-suites\/suite-view-of-bain-du-cure-the-garden-the-mountains\/\" \/>\n<meta property=\"og:locale\" content=\"en_US\" \/>\n<meta property=\"og:type\" content=\"article\" \/>\n<meta property=\"og:title\" content=\"Hotel suite Bouillante Guadeloupe with sea view of Bain du Cur\u00e9 and the Mountains | Les Galets Rouges\" \/>\n<meta property=\"og:description\" content=\"Book your luxury trip in Guadeloupe in this prestigious 72m2 suite with a large queen size bed for an optimal comfort. Enjoy a large private pool and a superb terrace facing the sea and the mountains in Bouillante for a dream holiday.\" \/>\n<meta property=\"og:url\" content=\"https:\/\/www.lesgaletsrouges.com\/en\/rooms-and-suites\/suite-view-of-bain-du-cure-the-garden-the-mountains\/\" \/>\n<meta property=\"og:site_name\" content=\"Les Galets Rouges\" \/>\n<meta property=\"article:modified_time\" content=\"2024-02-29T14:28:48+00:00\" \/>\n<meta property=\"og:image\" content=\"http:\/\/www.lesgaletsrouges.com\/wp-content\/uploads\/sites\/379\/2022\/12\/suite-bain-du-cure-2.jpg\" \/>\n\t<meta property=\"og:image:width\" content=\"1375\" \/>\n\t<meta property=\"og:image:height\" content=\"1200\" \/>\n\t<meta property=\"og:image:type\" content=\"image\/jpeg\" \/>\n<meta name=\"twitter:card\" content=\"summary_large_image\" \/>\n<meta name=\"twitter:label1\" content=\"Est. reading time\" \/>\n\t<meta name=\"twitter:data1\" content=\"1 minute\" \/>\n<script type=\"application\/ld+json\" class=\"yoast-schema-graph\">{\"@context\":\"https:\/\/schema.org\",\"@graph\":[{\"@type\":\"WebPage\",\"@id\":\"https:\/\/www.lesgaletsrouges.com\/en\/rooms-and-suites\/suite-view-of-bain-du-cure-the-garden-the-mountains\/\",\"url\":\"https:\/\/www.lesgaletsrouges.com\/en\/rooms-and-suites\/suite-view-of-bain-du-cure-the-garden-the-mountains\/\",\"name\":\"Hotel suite Bouillante Guadeloupe with sea view of Bain du Cur\u00e9 and the Mountains | Les Galets Rouges\",\"isPartOf\":{\"@id\":\"https:\/\/www.lesgaletsrouges.com\/en\/#website\"},\"primaryImageOfPage\":{\"@id\":\"https:\/\/www.lesgaletsrouges.com\/en\/rooms-and-suites\/suite-view-of-bain-du-cure-the-garden-the-mountains\/#primaryimage\"},\"image\":{\"@id\":\"https:\/\/www.lesgaletsrouges.com\/en\/rooms-and-suites\/suite-view-of-bain-du-cure-the-garden-the-mountains\/#primaryimage\"},\"thumbnailUrl\":\"https:\/\/www.lesgaletsrouges.com\/wp-content\/uploads\/sites\/379\/2022\/12\/suite-bain-du-cure-2.jpg\",\"datePublished\":\"2021-11-24T16:46:18+00:00\",\"dateModified\":\"2024-02-29T14:28:48+00:00\",\"description\":\"Book your luxury trip in Guadeloupe in this prestigious 72m2 suite with a large queen size bed for an optimal comfort. Enjoy a large private pool and a superb terrace facing the sea and the mountains in Bouillante for a dream holiday.\",\"breadcrumb\":{\"@id\":\"https:\/\/www.lesgaletsrouges.com\/en\/rooms-and-suites\/suite-view-of-bain-du-cure-the-garden-the-mountains\/#breadcrumb\"},\"inLanguage\":\"en-US\",\"potentialAction\":[{\"@type\":\"ReadAction\",\"target\":[\"https:\/\/www.lesgaletsrouges.com\/en\/rooms-and-suites\/suite-view-of-bain-du-cure-the-garden-the-mountains\/\"]}]},{\"@type\":\"ImageObject\",\"inLanguage\":\"en-US\",\"@id\":\"https:\/\/www.lesgaletsrouges.com\/en\/rooms-and-suites\/suite-view-of-bain-du-cure-the-garden-the-mountains\/#primaryimage\",\"url\":\"https:\/\/www.lesgaletsrouges.com\/wp-content\/uploads\/sites\/379\/2022\/12\/suite-bain-du-cure-2.jpg\",\"contentUrl\":\"https:\/\/www.lesgaletsrouges.com\/wp-content\/uploads\/sites\/379\/2022\/12\/suite-bain-du-cure-2.jpg\",\"width\":1375,\"height\":1200,\"caption\":\"Accueil VIP de luxe \u00e0 l'H\u00f4tel Les Galets Rouges Guadeloupe : bouquet de fleurs tropicales color\u00e9es, plateau de fruits frais et bouteille de champagne glac\u00e9e, pos\u00e9s sur le lit avec une vue imprenable sur la mer des Cara\u00efbes.\"},{\"@type\":\"BreadcrumbList\",\"@id\":\"https:\/\/www.lesgaletsrouges.com\/en\/rooms-and-suites\/suite-view-of-bain-du-cure-the-garden-the-mountains\/#breadcrumb\",\"itemListElement\":[{\"@type\":\"ListItem\",\"position\":1,\"name\":\"Home\",\"item\":\"https:\/\/www.lesgaletsrouges.com\/en\/\"},{\"@type\":\"ListItem\",\"position\":2,\"name\":\"Rooms and suites\",\"item\":\"https:\/\/www.lesgaletsrouges.com\/en\/rooms-and-suites\/\"},{\"@type\":\"ListItem\",\"position\":3,\"name\":\"Suite : View of Bain du Cur\u00e9 \u2013 The Garden \u2013 The Mountains\"}]},{\"@type\":\"WebSite\",\"@id\":\"https:\/\/www.lesgaletsrouges.com\/en\/#website\",\"url\":\"https:\/\/www.lesgaletsrouges.com\/en\/\",\"name\":\"Les Galets Rouges\",\"description\":\"\",\"potentialAction\":[{\"@type\":\"SearchAction\",\"target\":{\"@type\":\"EntryPoint\",\"urlTemplate\":\"https:\/\/www.lesgaletsrouges.com\/en\/?s={search_term_string}\"},\"query-input\":{\"@type\":\"PropertyValueSpecification\",\"valueRequired\":true,\"valueName\":\"search_term_string\"}}],\"inLanguage\":\"en-US\"}]}<\/script>\n<!-- \/ Yoast SEO plugin. -->","yoast_head_json":{"title":"Hotel suite Bouillante Guadeloupe with sea view of Bain du Cur\u00e9 and the Mountains | Les Galets Rouges","description":"Book your luxury trip in Guadeloupe in this prestigious 72m2 suite with a large queen size bed for an optimal comfort. Enjoy a large private pool and a superb terrace facing the sea and the mountains in Bouillante for a dream holiday.","robots":{"index":"index","follow":"follow","max-snippet":"max-snippet:-1","max-image-preview":"max-image-preview:large","max-video-preview":"max-video-preview:-1"},"canonical":"https:\/\/www.lesgaletsrouges.com\/en\/rooms-and-suites\/suite-view-of-bain-du-cure-the-garden-the-mountains\/","og_locale":"en_US","og_type":"article","og_title":"Hotel suite Bouillante Guadeloupe with sea view of Bain du Cur\u00e9 and the Mountains | Les Galets Rouges","og_description":"Book your luxury trip in Guadeloupe in this prestigious 72m2 suite with a large queen size bed for an optimal comfort. Enjoy a large private pool and a superb terrace facing the sea and the mountains in Bouillante for a dream holiday.","og_url":"https:\/\/www.lesgaletsrouges.com\/en\/rooms-and-suites\/suite-view-of-bain-du-cure-the-garden-the-mountains\/","og_site_name":"Les Galets Rouges","article_modified_time":"2024-02-29T14:28:48+00:00","og_image":[{"width":1375,"height":1200,"url":"http:\/\/www.lesgaletsrouges.com\/wp-content\/uploads\/sites\/379\/2022\/12\/suite-bain-du-cure-2.jpg","type":"image\/jpeg"}],"twitter_card":"summary_large_image","twitter_misc":{"Est. reading time":"1 minute"},"schema":{"@context":"https:\/\/schema.org","@graph":[{"@type":"WebPage","@id":"https:\/\/www.lesgaletsrouges.com\/en\/rooms-and-suites\/suite-view-of-bain-du-cure-the-garden-the-mountains\/","url":"https:\/\/www.lesgaletsrouges.com\/en\/rooms-and-suites\/suite-view-of-bain-du-cure-the-garden-the-mountains\/","name":"Hotel suite Bouillante Guadeloupe with sea view of Bain du Cur\u00e9 and the Mountains | Les Galets Rouges","isPartOf":{"@id":"https:\/\/www.lesgaletsrouges.com\/en\/#website"},"primaryImageOfPage":{"@id":"https:\/\/www.lesgaletsrouges.com\/en\/rooms-and-suites\/suite-view-of-bain-du-cure-the-garden-the-mountains\/#primaryimage"},"image":{"@id":"https:\/\/www.lesgaletsrouges.com\/en\/rooms-and-suites\/suite-view-of-bain-du-cure-the-garden-the-mountains\/#primaryimage"},"thumbnailUrl":"https:\/\/www.lesgaletsrouges.com\/wp-content\/uploads\/sites\/379\/2022\/12\/suite-bain-du-cure-2.jpg","datePublished":"2021-11-24T16:46:18+00:00","dateModified":"2024-02-29T14:28:48+00:00","description":"Book your luxury trip in Guadeloupe in this prestigious 72m2 suite with a large queen size bed for an optimal comfort. Enjoy a large private pool and a superb terrace facing the sea and the mountains in Bouillante for a dream holiday.","breadcrumb":{"@id":"https:\/\/www.lesgaletsrouges.com\/en\/rooms-and-suites\/suite-view-of-bain-du-cure-the-garden-the-mountains\/#breadcrumb"},"inLanguage":"en-US","potentialAction":[{"@type":"ReadAction","target":["https:\/\/www.lesgaletsrouges.com\/en\/rooms-and-suites\/suite-view-of-bain-du-cure-the-garden-the-mountains\/"]}]},{"@type":"ImageObject","inLanguage":"en-US","@id":"https:\/\/www.lesgaletsrouges.com\/en\/rooms-and-suites\/suite-view-of-bain-du-cure-the-garden-the-mountains\/#primaryimage","url":"https:\/\/www.lesgaletsrouges.com\/wp-content\/uploads\/sites\/379\/2022\/12\/suite-bain-du-cure-2.jpg","contentUrl":"https:\/\/www.lesgaletsrouges.com\/wp-content\/uploads\/sites\/379\/2022\/12\/suite-bain-du-cure-2.jpg","width":1375,"height":1200,"caption":"Accueil VIP de luxe \u00e0 l'H\u00f4tel Les Galets Rouges Guadeloupe : bouquet de fleurs tropicales color\u00e9es, plateau de fruits frais et bouteille de champagne glac\u00e9e, pos\u00e9s sur le lit avec une vue imprenable sur la mer des Cara\u00efbes."},{"@type":"BreadcrumbList","@id":"https:\/\/www.lesgaletsrouges.com\/en\/rooms-and-suites\/suite-view-of-bain-du-cure-the-garden-the-mountains\/#breadcrumb","itemListElement":[{"@type":"ListItem","position":1,"name":"Home","item":"https:\/\/www.lesgaletsrouges.com\/en\/"},{"@type":"ListItem","position":2,"name":"Rooms and suites","item":"https:\/\/www.lesgaletsrouges.com\/en\/rooms-and-suites\/"},{"@type":"ListItem","position":3,"name":"Suite : View of Bain du Cur\u00e9 \u2013 The Garden \u2013 The Mountains"}]},{"@type":"WebSite","@id":"https:\/\/www.lesgaletsrouges.com\/en\/#website","url":"https:\/\/www.lesgaletsrouges.com\/en\/","name":"Les Galets Rouges","description":"","potentialAction":[{"@type":"SearchAction","target":{"@type":"EntryPoint","urlTemplate":"https:\/\/www.lesgaletsrouges.com\/en\/?s={search_term_string}"},"query-input":{"@type":"PropertyValueSpecification","valueRequired":true,"valueName":"search_term_string"}}],"inLanguage":"en-US"}]}},"acf":[],"_links":{"self":[{"href":"https:\/\/www.lesgaletsrouges.com\/en\/wp-json\/wp\/v2\/pages\/372","targetHints":{"allow":["GET"]}}],"collection":[{"href":"https:\/\/www.lesgaletsrouges.com\/en\/wp-json\/wp\/v2\/pages"}],"about":[{"href":"https:\/\/www.lesgaletsrouges.com\/en\/wp-json\/wp\/v2\/types\/page"}],"author":[{"embeddable":true,"href":"https:\/\/www.lesgaletsrouges.com\/en\/wp-json\/wp\/v2\/users\/137"}],"replies":[{"embeddable":true,"href":"https:\/\/www.lesgaletsrouges.com\/en\/wp-json\/wp\/v2\/comments?post=372"}],"version-history":[{"count":0,"href":"https:\/\/www.lesgaletsrouges.com\/en\/wp-json\/wp\/v2\/pages\/372\/revisions"}],"up":[{"embeddable":true,"href":"https:\/\/www.lesgaletsrouges.com\/en\/wp-json\/wp\/v2\/pages\/351"}],"wp:featuredmedia":[{"embeddable":true,"href":"https:\/\/www.lesgaletsrouges.com\/en\/wp-json\/wp\/v2\/media\/646"}],"wp:attachment":[{"href":"https:\/\/www.lesgaletsrouges.com\/en\/wp-json\/wp\/v2\/media?parent=372"}],"curies":[{"name":"wp","href":"https:\/\/api.w.org\/{rel}","templated":true}]}}