{"id":411,"date":"2022-02-16T11:34:10","date_gmt":"2022-02-16T11:34:10","guid":{"rendered":"https:\/\/les-galets-rouges.ms.decms.eu\/business-et-seminaires\/une-salle-de-reunion-moderne-et-toute-equipee\/"},"modified":"2022-12-26T21:23:35","modified_gmt":"2022-12-26T21:23:35","slug":"a-modern-and-fully-equipped-conference-room","status":"publish","type":"page","link":"https:\/\/www.lesgaletsrouges.com\/en\/business-and-seminars\/a-modern-and-fully-equipped-conference-room\/","title":{"rendered":"A modern and fully equipped conference room"},"content":{"rendered":"<p>With its large windows, this bright and comfortable conference room is perfectly suited for a business meeting or a professional training session.<\/p>\n<p>You will be able to enjoy the calm, heavenly nature of our hotel\u2019s surroundings, conducive to ensuring a successful meeting.<\/p>\n<p>Our team is at your complete disposal and is ready to help ensure your meeting goes smoothly should you require additional equipment or for any specific requests.<\/p>\n<p>We can provide you with bottles of water all throughout your meeting.<\/p>\n<p>A lounge area is available to you for a lunchtime cocktail or for lunch prepared by our esteemed chef.<\/p>\n<p>&nbsp;<\/p>\n<div class=\"btns book_btn\"><a class=\"book\" href=\"https:\/\/les-galets-rouges.ms.decms.eu\/en\/contact-seminars-and-events\/\" target=\"_blank\" rel=\"noopener noreferrer\">Request a quotation<\/a><\/div>\n","protected":false},"excerpt":{"rendered":"<p>With its large windows, this bright and comfortable conference room is perfectly suited for a business meeting or a professional training session. You will be able to enjoy the calm, heavenly nature of our hotel\u2019s surroundings, conducive to ensuring a successful meeting. Our team is at your complete disposal and is ready to help ensure [&hellip;]<\/p>\n","protected":false},"author":137,"featured_media":630,"parent":409,"menu_order":10,"comment_status":"closed","ping_status":"closed","template":"template-meetings.php","meta":{"footnotes":""},"class_list":["post-411","page","type-page","status-publish","has-post-thumbnail","hentry"],"yoast_head":"<!-- This site is optimized with the Yoast SEO plugin v26.9 - https:\/\/yoast.com\/product\/yoast-seo-wordpress\/ -->\n<title>Conference Room in Guadeloupe | Les Galets Rouges<\/title>\n<meta name=\"description\" content=\"Reserve a modern conference room in Bouilllante, Guadeloupe for your meetings!\" \/>\n<meta name=\"robots\" content=\"index, follow, max-snippet:-1, max-image-preview:large, max-video-preview:-1\" \/>\n<link rel=\"canonical\" href=\"https:\/\/www.lesgaletsrouges.com\/en\/business-and-seminars\/a-modern-and-fully-equipped-conference-room\/\" \/>\n<meta property=\"og:locale\" content=\"en_US\" \/>\n<meta property=\"og:type\" content=\"article\" \/>\n<meta property=\"og:title\" content=\"Conference Room in Guadeloupe | Les Galets Rouges\" \/>\n<meta property=\"og:description\" content=\"Reserve a modern conference room in Bouilllante, Guadeloupe for your meetings!\" \/>\n<meta property=\"og:url\" content=\"https:\/\/www.lesgaletsrouges.com\/en\/business-and-seminars\/a-modern-and-fully-equipped-conference-room\/\" \/>\n<meta property=\"og:site_name\" content=\"Les Galets Rouges\" \/>\n<meta property=\"article:modified_time\" content=\"2022-12-26T21:23:35+00:00\" \/>\n<meta property=\"og:image\" content=\"http:\/\/www.lesgaletsrouges.com\/wp-content\/uploads\/sites\/379\/2022\/12\/sdr2.jpg\" \/>\n\t<meta property=\"og:image:width\" content=\"1375\" \/>\n\t<meta property=\"og:image:height\" content=\"1200\" \/>\n\t<meta property=\"og:image:type\" content=\"image\/jpeg\" \/>\n<meta name=\"twitter:card\" content=\"summary_large_image\" \/>\n<meta name=\"twitter:label1\" content=\"Est. reading time\" \/>\n\t<meta name=\"twitter:data1\" content=\"1 minute\" \/>\n<script type=\"application\/ld+json\" class=\"yoast-schema-graph\">{\"@context\":\"https:\/\/schema.org\",\"@graph\":[{\"@type\":\"WebPage\",\"@id\":\"https:\/\/www.lesgaletsrouges.com\/en\/business-and-seminars\/a-modern-and-fully-equipped-conference-room\/\",\"url\":\"https:\/\/www.lesgaletsrouges.com\/en\/business-and-seminars\/a-modern-and-fully-equipped-conference-room\/\",\"name\":\"Conference Room in Guadeloupe | Les Galets Rouges\",\"isPartOf\":{\"@id\":\"https:\/\/www.lesgaletsrouges.com\/en\/#website\"},\"primaryImageOfPage\":{\"@id\":\"https:\/\/www.lesgaletsrouges.com\/en\/business-and-seminars\/a-modern-and-fully-equipped-conference-room\/#primaryimage\"},\"image\":{\"@id\":\"https:\/\/www.lesgaletsrouges.com\/en\/business-and-seminars\/a-modern-and-fully-equipped-conference-room\/#primaryimage\"},\"thumbnailUrl\":\"https:\/\/www.lesgaletsrouges.com\/wp-content\/uploads\/sites\/379\/2022\/12\/sdr2.jpg\",\"datePublished\":\"2022-02-16T11:34:10+00:00\",\"dateModified\":\"2022-12-26T21:23:35+00:00\",\"description\":\"Reserve a modern conference room in Bouilllante, Guadeloupe for your meetings!\",\"breadcrumb\":{\"@id\":\"https:\/\/www.lesgaletsrouges.com\/en\/business-and-seminars\/a-modern-and-fully-equipped-conference-room\/#breadcrumb\"},\"inLanguage\":\"en-US\",\"potentialAction\":[{\"@type\":\"ReadAction\",\"target\":[\"https:\/\/www.lesgaletsrouges.com\/en\/business-and-seminars\/a-modern-and-fully-equipped-conference-room\/\"]}]},{\"@type\":\"ImageObject\",\"inLanguage\":\"en-US\",\"@id\":\"https:\/\/www.lesgaletsrouges.com\/en\/business-and-seminars\/a-modern-and-fully-equipped-conference-room\/#primaryimage\",\"url\":\"https:\/\/www.lesgaletsrouges.com\/wp-content\/uploads\/sites\/379\/2022\/12\/sdr2.jpg\",\"contentUrl\":\"https:\/\/www.lesgaletsrouges.com\/wp-content\/uploads\/sites\/379\/2022\/12\/sdr2.jpg\",\"width\":1375,\"height\":1200,\"caption\":\"Salle de r\u00e9union lumineuse pour s\u00e9minaire d'entreprise avec tables modulables, chaises design et \u00e9cran de projection dans un espace sous charpente bois\"},{\"@type\":\"BreadcrumbList\",\"@id\":\"https:\/\/www.lesgaletsrouges.com\/en\/business-and-seminars\/a-modern-and-fully-equipped-conference-room\/#breadcrumb\",\"itemListElement\":[{\"@type\":\"ListItem\",\"position\":1,\"name\":\"Home\",\"item\":\"https:\/\/www.lesgaletsrouges.com\/en\/\"},{\"@type\":\"ListItem\",\"position\":2,\"name\":\"Business and seminars\",\"item\":\"https:\/\/www.lesgaletsrouges.com\/en\/business-and-seminars\/\"},{\"@type\":\"ListItem\",\"position\":3,\"name\":\"A modern and fully equipped conference room\"}]},{\"@type\":\"WebSite\",\"@id\":\"https:\/\/www.lesgaletsrouges.com\/en\/#website\",\"url\":\"https:\/\/www.lesgaletsrouges.com\/en\/\",\"name\":\"Les Galets Rouges\",\"description\":\"\",\"potentialAction\":[{\"@type\":\"SearchAction\",\"target\":{\"@type\":\"EntryPoint\",\"urlTemplate\":\"https:\/\/www.lesgaletsrouges.com\/en\/?s={search_term_string}\"},\"query-input\":{\"@type\":\"PropertyValueSpecification\",\"valueRequired\":true,\"valueName\":\"search_term_string\"}}],\"inLanguage\":\"en-US\"}]}<\/script>\n<!-- \/ Yoast SEO plugin. -->","yoast_head_json":{"title":"Conference Room in Guadeloupe | Les Galets Rouges","description":"Reserve a modern conference room in Bouilllante, Guadeloupe for your meetings!","robots":{"index":"index","follow":"follow","max-snippet":"max-snippet:-1","max-image-preview":"max-image-preview:large","max-video-preview":"max-video-preview:-1"},"canonical":"https:\/\/www.lesgaletsrouges.com\/en\/business-and-seminars\/a-modern-and-fully-equipped-conference-room\/","og_locale":"en_US","og_type":"article","og_title":"Conference Room in Guadeloupe | Les Galets Rouges","og_description":"Reserve a modern conference room in Bouilllante, Guadeloupe for your meetings!","og_url":"https:\/\/www.lesgaletsrouges.com\/en\/business-and-seminars\/a-modern-and-fully-equipped-conference-room\/","og_site_name":"Les Galets Rouges","article_modified_time":"2022-12-26T21:23:35+00:00","og_image":[{"width":1375,"height":1200,"url":"http:\/\/www.lesgaletsrouges.com\/wp-content\/uploads\/sites\/379\/2022\/12\/sdr2.jpg","type":"image\/jpeg"}],"twitter_card":"summary_large_image","twitter_misc":{"Est. reading time":"1 minute"},"schema":{"@context":"https:\/\/schema.org","@graph":[{"@type":"WebPage","@id":"https:\/\/www.lesgaletsrouges.com\/en\/business-and-seminars\/a-modern-and-fully-equipped-conference-room\/","url":"https:\/\/www.lesgaletsrouges.com\/en\/business-and-seminars\/a-modern-and-fully-equipped-conference-room\/","name":"Conference Room in Guadeloupe | Les Galets Rouges","isPartOf":{"@id":"https:\/\/www.lesgaletsrouges.com\/en\/#website"},"primaryImageOfPage":{"@id":"https:\/\/www.lesgaletsrouges.com\/en\/business-and-seminars\/a-modern-and-fully-equipped-conference-room\/#primaryimage"},"image":{"@id":"https:\/\/www.lesgaletsrouges.com\/en\/business-and-seminars\/a-modern-and-fully-equipped-conference-room\/#primaryimage"},"thumbnailUrl":"https:\/\/www.lesgaletsrouges.com\/wp-content\/uploads\/sites\/379\/2022\/12\/sdr2.jpg","datePublished":"2022-02-16T11:34:10+00:00","dateModified":"2022-12-26T21:23:35+00:00","description":"Reserve a modern conference room in Bouilllante, Guadeloupe for your meetings!","breadcrumb":{"@id":"https:\/\/www.lesgaletsrouges.com\/en\/business-and-seminars\/a-modern-and-fully-equipped-conference-room\/#breadcrumb"},"inLanguage":"en-US","potentialAction":[{"@type":"ReadAction","target":["https:\/\/www.lesgaletsrouges.com\/en\/business-and-seminars\/a-modern-and-fully-equipped-conference-room\/"]}]},{"@type":"ImageObject","inLanguage":"en-US","@id":"https:\/\/www.lesgaletsrouges.com\/en\/business-and-seminars\/a-modern-and-fully-equipped-conference-room\/#primaryimage","url":"https:\/\/www.lesgaletsrouges.com\/wp-content\/uploads\/sites\/379\/2022\/12\/sdr2.jpg","contentUrl":"https:\/\/www.lesgaletsrouges.com\/wp-content\/uploads\/sites\/379\/2022\/12\/sdr2.jpg","width":1375,"height":1200,"caption":"Salle de r\u00e9union lumineuse pour s\u00e9minaire d'entreprise avec tables modulables, chaises design et \u00e9cran de projection dans un espace sous charpente bois"},{"@type":"BreadcrumbList","@id":"https:\/\/www.lesgaletsrouges.com\/en\/business-and-seminars\/a-modern-and-fully-equipped-conference-room\/#breadcrumb","itemListElement":[{"@type":"ListItem","position":1,"name":"Home","item":"https:\/\/www.lesgaletsrouges.com\/en\/"},{"@type":"ListItem","position":2,"name":"Business and seminars","item":"https:\/\/www.lesgaletsrouges.com\/en\/business-and-seminars\/"},{"@type":"ListItem","position":3,"name":"A modern and fully equipped conference room"}]},{"@type":"WebSite","@id":"https:\/\/www.lesgaletsrouges.com\/en\/#website","url":"https:\/\/www.lesgaletsrouges.com\/en\/","name":"Les Galets Rouges","description":"","potentialAction":[{"@type":"SearchAction","target":{"@type":"EntryPoint","urlTemplate":"https:\/\/www.lesgaletsrouges.com\/en\/?s={search_term_string}"},"query-input":{"@type":"PropertyValueSpecification","valueRequired":true,"valueName":"search_term_string"}}],"inLanguage":"en-US"}]}},"acf":[],"_links":{"self":[{"href":"https:\/\/www.lesgaletsrouges.com\/en\/wp-json\/wp\/v2\/pages\/411","targetHints":{"allow":["GET"]}}],"collection":[{"href":"https:\/\/www.lesgaletsrouges.com\/en\/wp-json\/wp\/v2\/pages"}],"about":[{"href":"https:\/\/www.lesgaletsrouges.com\/en\/wp-json\/wp\/v2\/types\/page"}],"author":[{"embeddable":true,"href":"https:\/\/www.lesgaletsrouges.com\/en\/wp-json\/wp\/v2\/users\/137"}],"replies":[{"embeddable":true,"href":"https:\/\/www.lesgaletsrouges.com\/en\/wp-json\/wp\/v2\/comments?post=411"}],"version-history":[{"count":0,"href":"https:\/\/www.lesgaletsrouges.com\/en\/wp-json\/wp\/v2\/pages\/411\/revisions"}],"up":[{"embeddable":true,"href":"https:\/\/www.lesgaletsrouges.com\/en\/wp-json\/wp\/v2\/pages\/409"}],"wp:featuredmedia":[{"embeddable":true,"href":"https:\/\/www.lesgaletsrouges.com\/en\/wp-json\/wp\/v2\/media\/630"}],"wp:attachment":[{"href":"https:\/\/www.lesgaletsrouges.com\/en\/wp-json\/wp\/v2\/media?parent=411"}],"curies":[{"name":"wp","href":"https:\/\/api.w.org\/{rel}","templated":true}]}}