{"id":412,"date":"2021-12-15T14:31:43","date_gmt":"2021-12-15T14:31:43","guid":{"rendered":"https:\/\/les-galets-rouges.ms.decms.eu\/le-spa-des-galets-rouges\/"},"modified":"2023-12-12T16:32:09","modified_gmt":"2023-12-12T16:32:09","slug":"the-spa-at-les-galets-rouges","status":"publish","type":"page","link":"https:\/\/www.lesgaletsrouges.com\/en\/the-spa-at-les-galets-rouges\/","title":{"rendered":"The SPA at Les Galets Rouges"},"content":{"rendered":"<p>Relax to the sound of the waves splashing against the shore as you enjoy a facial, skin treatment, or massage session in our elegant beachside relaxation area or our beauty area.<br \/>\nThis amazing hotel will delight nature and wellness enthusiasts with its 360\u00b0 view of Bouillante\u2019s mountain and the Caribbean Sea.<\/p>\n<p>We will attend to your needs and can offer you personalised sessions with tropical scents thanks to massage oils from the region. Between land and sea, come discover the benefits of the local landscapes and the iodized water of the sea in Bouillante.<\/p>\n<p>You will discover, upon reaching the doors of our fine establishment, a modern and cosy environment where your body and mind will be at rest. When you arrive, you will be welcomed by wellness professionals, who will take the time to advise you on the type of massage or facial to do depending on what you want or need. Once this assessment is complete, you will be taken care of by a Spa therapist as you venture into a journey of relaxation.<\/p>\n<p style=\"text-align: center\"><strong>\u00a0Spa contact : spa@lesgaletsrouges.com &#8211; +590 (0)590 30 88 44<\/strong><\/p>\n<p style=\"text-align: center\"><em>*Our Spa are access also to the non-resident of the hotel.<\/em><\/p>\n","protected":false},"excerpt":{"rendered":"<p>Relax to the sound of the waves splashing against the shore as you enjoy a facial, skin treatment, or massage session in our elegant beachside relaxation area or our beauty area. This amazing hotel will delight nature and wellness enthusiasts with its 360\u00b0 view of Bouillante\u2019s mountain and the Caribbean Sea. We will attend to [&hellip;]<\/p>\n","protected":false},"author":137,"featured_media":656,"parent":0,"menu_order":70,"comment_status":"closed","ping_status":"closed","template":"template-spa.php","meta":{"footnotes":""},"class_list":["post-412","page","type-page","status-publish","has-post-thumbnail","hentry"],"yoast_head":"<!-- This site is optimized with the Yoast SEO plugin v26.9 - https:\/\/yoast.com\/product\/yoast-seo-wordpress\/ -->\n<title>Hotel Les Galets Rouges - SPA in Bouillante Guadalupe<\/title>\n<meta name=\"description\" content=\"In need of a calm, enjoyable moment by the sea? Come discover the SPA at Hotel Les Galets Rouges in Bouillante.\" \/>\n<meta name=\"robots\" content=\"index, follow, max-snippet:-1, max-image-preview:large, max-video-preview:-1\" \/>\n<link rel=\"canonical\" href=\"https:\/\/www.lesgaletsrouges.com\/en\/the-spa-at-les-galets-rouges\/\" \/>\n<meta property=\"og:locale\" content=\"en_US\" \/>\n<meta property=\"og:type\" content=\"article\" \/>\n<meta property=\"og:title\" content=\"Hotel Les Galets Rouges - SPA in Bouillante Guadalupe\" \/>\n<meta property=\"og:description\" content=\"In need of a calm, enjoyable moment by the sea? Come discover the SPA at Hotel Les Galets Rouges in Bouillante.\" \/>\n<meta property=\"og:url\" content=\"https:\/\/www.lesgaletsrouges.com\/en\/the-spa-at-les-galets-rouges\/\" \/>\n<meta property=\"og:site_name\" content=\"Les Galets Rouges\" \/>\n<meta property=\"article:modified_time\" content=\"2023-12-12T16:32:09+00:00\" \/>\n<meta property=\"og:image\" content=\"http:\/\/www.lesgaletsrouges.com\/wp-content\/uploads\/sites\/379\/2022\/12\/2-3.jpg\" \/>\n\t<meta property=\"og:image:width\" content=\"1375\" \/>\n\t<meta property=\"og:image:height\" content=\"1200\" \/>\n\t<meta property=\"og:image:type\" content=\"image\/jpeg\" \/>\n<meta name=\"twitter:card\" content=\"summary_large_image\" \/>\n<meta name=\"twitter:label1\" content=\"Est. reading time\" \/>\n\t<meta name=\"twitter:data1\" content=\"1 minute\" \/>\n<script type=\"application\/ld+json\" class=\"yoast-schema-graph\">{\"@context\":\"https:\/\/schema.org\",\"@graph\":[{\"@type\":\"WebPage\",\"@id\":\"https:\/\/www.lesgaletsrouges.com\/en\/the-spa-at-les-galets-rouges\/\",\"url\":\"https:\/\/www.lesgaletsrouges.com\/en\/the-spa-at-les-galets-rouges\/\",\"name\":\"Hotel Les Galets Rouges - SPA in Bouillante Guadalupe\",\"isPartOf\":{\"@id\":\"https:\/\/www.lesgaletsrouges.com\/en\/#website\"},\"primaryImageOfPage\":{\"@id\":\"https:\/\/www.lesgaletsrouges.com\/en\/the-spa-at-les-galets-rouges\/#primaryimage\"},\"image\":{\"@id\":\"https:\/\/www.lesgaletsrouges.com\/en\/the-spa-at-les-galets-rouges\/#primaryimage\"},\"thumbnailUrl\":\"https:\/\/www.lesgaletsrouges.com\/wp-content\/uploads\/sites\/379\/2022\/12\/2-3.jpg\",\"datePublished\":\"2021-12-15T14:31:43+00:00\",\"dateModified\":\"2023-12-12T16:32:09+00:00\",\"description\":\"In need of a calm, enjoyable moment by the sea? Come discover the SPA at Hotel Les Galets Rouges in Bouillante.\",\"breadcrumb\":{\"@id\":\"https:\/\/www.lesgaletsrouges.com\/en\/the-spa-at-les-galets-rouges\/#breadcrumb\"},\"inLanguage\":\"en-US\",\"potentialAction\":[{\"@type\":\"ReadAction\",\"target\":[\"https:\/\/www.lesgaletsrouges.com\/en\/the-spa-at-les-galets-rouges\/\"]}]},{\"@type\":\"ImageObject\",\"inLanguage\":\"en-US\",\"@id\":\"https:\/\/www.lesgaletsrouges.com\/en\/the-spa-at-les-galets-rouges\/#primaryimage\",\"url\":\"https:\/\/www.lesgaletsrouges.com\/wp-content\/uploads\/sites\/379\/2022\/12\/2-3.jpg\",\"contentUrl\":\"https:\/\/www.lesgaletsrouges.com\/wp-content\/uploads\/sites\/379\/2022\/12\/2-3.jpg\",\"width\":1375,\"height\":1200,\"caption\":\"Paillote priv\u00e9e vue mer Cara\u00efbes aux Galets Rouges, Guadeloupe : votre espace bien-\u00eatre et relaxation de luxe.\"},{\"@type\":\"BreadcrumbList\",\"@id\":\"https:\/\/www.lesgaletsrouges.com\/en\/the-spa-at-les-galets-rouges\/#breadcrumb\",\"itemListElement\":[{\"@type\":\"ListItem\",\"position\":1,\"name\":\"Home\",\"item\":\"https:\/\/www.lesgaletsrouges.com\/en\/\"},{\"@type\":\"ListItem\",\"position\":2,\"name\":\"The SPA at Les Galets Rouges\"}]},{\"@type\":\"WebSite\",\"@id\":\"https:\/\/www.lesgaletsrouges.com\/en\/#website\",\"url\":\"https:\/\/www.lesgaletsrouges.com\/en\/\",\"name\":\"Les Galets Rouges\",\"description\":\"\",\"potentialAction\":[{\"@type\":\"SearchAction\",\"target\":{\"@type\":\"EntryPoint\",\"urlTemplate\":\"https:\/\/www.lesgaletsrouges.com\/en\/?s={search_term_string}\"},\"query-input\":{\"@type\":\"PropertyValueSpecification\",\"valueRequired\":true,\"valueName\":\"search_term_string\"}}],\"inLanguage\":\"en-US\"}]}<\/script>\n<!-- \/ Yoast SEO plugin. -->","yoast_head_json":{"title":"Hotel Les Galets Rouges - SPA in Bouillante Guadalupe","description":"In need of a calm, enjoyable moment by the sea? Come discover the SPA at Hotel Les Galets Rouges in Bouillante.","robots":{"index":"index","follow":"follow","max-snippet":"max-snippet:-1","max-image-preview":"max-image-preview:large","max-video-preview":"max-video-preview:-1"},"canonical":"https:\/\/www.lesgaletsrouges.com\/en\/the-spa-at-les-galets-rouges\/","og_locale":"en_US","og_type":"article","og_title":"Hotel Les Galets Rouges - SPA in Bouillante Guadalupe","og_description":"In need of a calm, enjoyable moment by the sea? Come discover the SPA at Hotel Les Galets Rouges in Bouillante.","og_url":"https:\/\/www.lesgaletsrouges.com\/en\/the-spa-at-les-galets-rouges\/","og_site_name":"Les Galets Rouges","article_modified_time":"2023-12-12T16:32:09+00:00","og_image":[{"width":1375,"height":1200,"url":"http:\/\/www.lesgaletsrouges.com\/wp-content\/uploads\/sites\/379\/2022\/12\/2-3.jpg","type":"image\/jpeg"}],"twitter_card":"summary_large_image","twitter_misc":{"Est. reading time":"1 minute"},"schema":{"@context":"https:\/\/schema.org","@graph":[{"@type":"WebPage","@id":"https:\/\/www.lesgaletsrouges.com\/en\/the-spa-at-les-galets-rouges\/","url":"https:\/\/www.lesgaletsrouges.com\/en\/the-spa-at-les-galets-rouges\/","name":"Hotel Les Galets Rouges - SPA in Bouillante Guadalupe","isPartOf":{"@id":"https:\/\/www.lesgaletsrouges.com\/en\/#website"},"primaryImageOfPage":{"@id":"https:\/\/www.lesgaletsrouges.com\/en\/the-spa-at-les-galets-rouges\/#primaryimage"},"image":{"@id":"https:\/\/www.lesgaletsrouges.com\/en\/the-spa-at-les-galets-rouges\/#primaryimage"},"thumbnailUrl":"https:\/\/www.lesgaletsrouges.com\/wp-content\/uploads\/sites\/379\/2022\/12\/2-3.jpg","datePublished":"2021-12-15T14:31:43+00:00","dateModified":"2023-12-12T16:32:09+00:00","description":"In need of a calm, enjoyable moment by the sea? Come discover the SPA at Hotel Les Galets Rouges in Bouillante.","breadcrumb":{"@id":"https:\/\/www.lesgaletsrouges.com\/en\/the-spa-at-les-galets-rouges\/#breadcrumb"},"inLanguage":"en-US","potentialAction":[{"@type":"ReadAction","target":["https:\/\/www.lesgaletsrouges.com\/en\/the-spa-at-les-galets-rouges\/"]}]},{"@type":"ImageObject","inLanguage":"en-US","@id":"https:\/\/www.lesgaletsrouges.com\/en\/the-spa-at-les-galets-rouges\/#primaryimage","url":"https:\/\/www.lesgaletsrouges.com\/wp-content\/uploads\/sites\/379\/2022\/12\/2-3.jpg","contentUrl":"https:\/\/www.lesgaletsrouges.com\/wp-content\/uploads\/sites\/379\/2022\/12\/2-3.jpg","width":1375,"height":1200,"caption":"Paillote priv\u00e9e vue mer Cara\u00efbes aux Galets Rouges, Guadeloupe : votre espace bien-\u00eatre et relaxation de luxe."},{"@type":"BreadcrumbList","@id":"https:\/\/www.lesgaletsrouges.com\/en\/the-spa-at-les-galets-rouges\/#breadcrumb","itemListElement":[{"@type":"ListItem","position":1,"name":"Home","item":"https:\/\/www.lesgaletsrouges.com\/en\/"},{"@type":"ListItem","position":2,"name":"The SPA at Les Galets Rouges"}]},{"@type":"WebSite","@id":"https:\/\/www.lesgaletsrouges.com\/en\/#website","url":"https:\/\/www.lesgaletsrouges.com\/en\/","name":"Les Galets Rouges","description":"","potentialAction":[{"@type":"SearchAction","target":{"@type":"EntryPoint","urlTemplate":"https:\/\/www.lesgaletsrouges.com\/en\/?s={search_term_string}"},"query-input":{"@type":"PropertyValueSpecification","valueRequired":true,"valueName":"search_term_string"}}],"inLanguage":"en-US"}]}},"acf":[],"_links":{"self":[{"href":"https:\/\/www.lesgaletsrouges.com\/en\/wp-json\/wp\/v2\/pages\/412","targetHints":{"allow":["GET"]}}],"collection":[{"href":"https:\/\/www.lesgaletsrouges.com\/en\/wp-json\/wp\/v2\/pages"}],"about":[{"href":"https:\/\/www.lesgaletsrouges.com\/en\/wp-json\/wp\/v2\/types\/page"}],"author":[{"embeddable":true,"href":"https:\/\/www.lesgaletsrouges.com\/en\/wp-json\/wp\/v2\/users\/137"}],"replies":[{"embeddable":true,"href":"https:\/\/www.lesgaletsrouges.com\/en\/wp-json\/wp\/v2\/comments?post=412"}],"version-history":[{"count":0,"href":"https:\/\/www.lesgaletsrouges.com\/en\/wp-json\/wp\/v2\/pages\/412\/revisions"}],"wp:featuredmedia":[{"embeddable":true,"href":"https:\/\/www.lesgaletsrouges.com\/en\/wp-json\/wp\/v2\/media\/656"}],"wp:attachment":[{"href":"https:\/\/www.lesgaletsrouges.com\/en\/wp-json\/wp\/v2\/media?parent=412"}],"curies":[{"name":"wp","href":"https:\/\/api.w.org\/{rel}","templated":true}]}}