{"id":434,"date":"2021-12-22T18:24:37","date_gmt":"2021-12-22T18:24:37","guid":{"rendered":"https:\/\/les-galets-rouges.ms.decms.eu\/contact-spa\/"},"modified":"2022-02-21T09:18:53","modified_gmt":"2022-02-21T09:18:53","slug":"contact-spa","status":"publish","type":"page","link":"https:\/\/www.lesgaletsrouges.com\/en\/contact-spa\/","title":{"rendered":"Contact Spa"},"content":{"rendered":"\n                <div class='gf_browser_gecko gform_wrapper' id='gform_wrapper_6' ><div id='gf_6' class='gform_anchor' tabindex='-1'><\/div><form method='post' enctype='multipart\/form-data' target='gform_ajax_frame_6' id='gform_6'  action='\/en\/wp-json\/wp\/v2\/pages\/434#gf_6'>\n                        <div class='gform_body'><ul id='gform_fields_6' class='gform_fields top_label form_sublabel_below description_below'><li id='field_6_1'  class='gfield gfield_contains_required field_sublabel_below field_description_below gfield_visibility_visible' ><label class='gfield_label' for='input_6_1' >First name<span class='gfield_required'>*<\/span><\/label><div class='ginput_container ginput_container_text'><input name='input_1' id='input_6_1' type='text' value='' class='medium'     aria-required=\"true\" aria-invalid=\"false\" \/><\/div><\/li><li id='field_6_2'  class='gfield gfield_contains_required field_sublabel_below field_description_below gfield_visibility_visible' ><label class='gfield_label' for='input_6_2' >Last name<span class='gfield_required'>*<\/span><\/label><div class='ginput_container ginput_container_text'><input name='input_2' id='input_6_2' type='text' value='' class='medium'     aria-required=\"true\" aria-invalid=\"false\" \/><\/div><\/li><li id='field_6_3'  class='gfield gfield_contains_required field_sublabel_below field_description_below gfield_visibility_visible' ><label class='gfield_label' for='input_6_3' >Email<span class='gfield_required'>*<\/span><\/label><div class='ginput_container ginput_container_email'>\n                            <input name='input_3' id='input_6_3' type='text' value='' class='medium'   placeholder='Votre adresse mail' aria-required=\"true\" aria-invalid=\"false\" \/>\n                        <\/div><\/li><li id='field_6_4'  class='gfield gfield_contains_required field_sublabel_below field_description_below gfield_visibility_visible' ><label class='gfield_label' for='input_6_4' >Phone<span class='gfield_required'>*<\/span><\/label><div class='ginput_container ginput_container_phone'><input name='input_4' id='input_6_4' type='text' value='' class='medium'   aria-required=\"true\" aria-invalid=\"false\"  \/><\/div><\/li><li id='field_6_5'  class='gfield field_sublabel_below field_description_below gfield_visibility_visible' ><label class='gfield_label' for='input_6_5' >Choose your massage<\/label><div class='ginput_container ginput_container_select'><select name='input_5' id='input_6_5' class='large gfield_select'    aria-invalid=\"false\"><option value='30-minute myo-facial massage on a specific area' >30-minute myo-facial massage on a specific area<\/option><option value='one hour full-body relaxing massage' >one hour full-body relaxing massage<\/option><option value='one hour toning massage' >one hour toning massage<\/option><option value='personalised 1 and a half hour myo-facial massage' >personalised 1 and a half hour myo-facial massage<\/option><option value='A 40-minute lymphatic drainage massage' >A 40-minute lymphatic drainage massage<\/option><option value='A special 1-hour massage for pregnant women' >A special 1-hour massage for pregnant women<\/option><option value='A 45 minute Lomi-Lomi massage' >A 45 minute Lomi-Lomi massage<\/option><\/select><\/div><\/li><li id='field_6_7'  class='gfield field_sublabel_below field_description_below gfield_visibility_visible' ><label class='gfield_label' for='input_6_7' >Choose a package<\/label><div class='ginput_container ginput_container_select'><select name='input_7' id='input_6_7' class='large gfield_select'    aria-invalid=\"false\"><option value='Starter Package: Two hand or four hand massage + breakfast' >Starter Package: Two hand or four hand massage + breakfast<\/option><option value='Happy Package: Two hand or four hand massage + cocktail' >Happy Package: Two hand or four hand massage + cocktail<\/option><option value='Cocooning Package: Two hand or four hand massage + cocktail + starter + main dish + dessert' >Cocooning Package: Two hand or four hand massage + cocktail + starter + main dish + dessert<\/option><option value='No Package' >No Package<\/option><option value='B\u00c8L MOMAN formula (duo or solo): Sauna or relaxing bath 30min, scrub, Dousin massage' >B\u00c8L MOMAN formula (duo or solo): Sauna or relaxing bath 30min, scrub, Dousin massage<\/option><option value='B\u00c8L DOUS\u00c8 formula (duo or solo): Sauna or relaxing bath 30min, scrub, wrap, massage' >B\u00c8L DOUS\u00c8 formula (duo or solo): Sauna or relaxing bath 30min, scrub, wrap, massage<\/option><\/select><\/div><\/li><li id='field_6_11'  class='gfield field_sublabel_below field_description_below gfield_visibility_visible' ><label class='gfield_label gfield_label_before_complex'  >Date<\/label><div id='input_6_11' class='ginput_container ginput_container_date'><div class='clear-multi'>\n                                        <div class='gfield_date_day ginput_container ginput_container_date' id='input_6_11_2_container'>\n                                            <input type='text' maxlength='2' name='input_11[]' id='input_6_11_2' value=''   placeholder='jour' \/>\n                                            <label for='input_6_11_2' >DD<\/label>\n                                        <\/div><div class='gfield_date_month ginput_container ginput_container_date' id='input_6_11_1_container'>\n                                        <input type='text' maxlength='2' name='input_11[]' id='input_6_11_1' value=''   placeholder='mois' \/>\n                                        <label for='input_6_11_1' >MM<\/label>\n                                   <\/div><div class='gfield_date_year ginput_container ginput_container_date' id='input_6_11_3_container'>\n                                        <input type='text' maxlength='4' name='input_11[]' id='input_6_11_3' value=''   placeholder='ann\u00e9e'   \/>\n                                        <label for='input_6_11_3' >YYYY<\/label>\n                                   <\/div>\n                                <\/div><\/div><\/li><li id='field_6_12'  class='gfield field_sublabel_below field_description_below gfield_visibility_visible' ><label class='gfield_label gfield_label_before_complex'  >Hour<\/label><div class='clear-multi'>\n                        <div class='gfield_time_hour ginput_container ginput_container_time' id='input_6_12'>\n                            <input type='text' maxlength='2' name='input_12[]' id='input_6_12_1' value=''    \/> <i>:<\/i>\n                            <label for='input_6_12_1' >houres<\/label>\n                        <\/div>\n                        <div class='gfield_time_minute ginput_container ginput_container_time'>\n                            <input type='text' maxlength='2' name='input_12[]' id='input_6_12_2' value=''    \/>\n                            <label for='input_6_12_2' >minutes<\/label>\n                        <\/div>\n                        \n                    <\/div><\/li><li id='field_6_8'  class='gfield gfield_contains_required field_sublabel_below field_description_below gfield_visibility_visible' ><label class='gfield_label' for='input_6_8' >Your message<span class='gfield_required'>*<\/span><\/label><div class='ginput_container ginput_container_textarea'><textarea name='input_8' id='input_6_8' class='textarea medium'     aria-required=\"true\" aria-invalid=\"false\"   rows='10' cols='50'><\/textarea><\/div><\/li><li id='field_6_10'  class='gfield privacy gfield_contains_required field_sublabel_below field_description_below gfield_visibility_visible' ><label class='gfield_label'  >Data privacy<span class='gfield_required'>*<\/span><\/label><div class='ginput_container ginput_container_consent'><input name='input_10.1' id='input_6_10_1' type='checkbox' value='1'   aria-required=\"true\" aria-invalid=\"false\"   \/> <label class=\"gfield_consent_label\" for='input_6_10_1' >I have read and accepted the Privacy Policy<\/label><input type='hidden' name='input_10.2' value='I have read and accepted the Privacy Policy' class='gform_hidden' \/><input type='hidden' name='input_10.3' value='4' class='gform_hidden' \/><\/div><\/li><li id='field_6_13'  class='gfield privacy gfield_contains_required field_sublabel_below field_description_below gfield_visibility_visible' ><label class='gfield_label'  >Data privacy<span class='gfield_required'>*<\/span><\/label><div class='ginput_container ginput_container_checkbox'><ul class='gfield_checkbox' id='input_6_13'><li class='gchoice_6_13_1'>\n\t\t\t\t\t\t\t\t<input name='input_13.1' type='checkbox'  value='I have read and accepted the Privacy Policy'  id='choice_6_13_1'   \/>\n\t\t\t\t\t\t\t\t<label for='choice_6_13_1' id='label_6_13_1'>I have read and accepted the Privacy Policy<\/label>\n\t\t\t\t\t\t\t<\/li><\/ul><\/div><\/li><li id='field_6_9'  class='gfield field_sublabel_below field_description_below gfield_visibility_visible' ><label class='gfield_label' for='input_6_9' >CAPTCHA<\/label><div id='input_6_9' class='ginput_container ginput_recaptcha' data-sitekey='6LeW9sQqAAAAABDZU3P6Fi4uvLypuW-rMkxcZ89M'  data-theme='light' data-tabindex='0'  data-badge=''><\/div><\/li><li id='field_6_14'  class='gfield gform_validation_container field_sublabel_below field_description_below gfield_visibility_visible' ><label class='gfield_label' for='input_6_14' >Name<\/label><div class='ginput_container'><input name='input_14' id='input_6_14' type='text' value='' \/><\/div><div class='gfield_description' id='gfield_description_6_14'>This field is for validation purposes and should be left unchanged.<\/div><\/li>\n                            <\/ul><\/div>\n        <div class='gform_footer top_label'> <input type='submit' id='gform_submit_button_6' class='gform_button button' value='Envoyer'  onclick='if(window[\"gf_submitting_6\"]){return false;}  window[\"gf_submitting_6\"]=true;  ' onkeypress='if( event.keyCode == 13 ){ if(window[\"gf_submitting_6\"]){return false;} window[\"gf_submitting_6\"]=true;  jQuery(\"#gform_6\").trigger(\"submit\",[true]); }' \/> <input type='hidden' name='gform_ajax' value='form_id=6&amp;title=&amp;description=&amp;tabindex=0' \/>\n            <input type='hidden' class='gform_hidden' name='is_submit_6' value='1' \/>\n            <input type='hidden' class='gform_hidden' name='gform_submit' value='6' \/>\n            \n            <input type='hidden' class='gform_hidden' name='gform_unique_id' value='' \/>\n            <input type='hidden' class='gform_hidden' name='state_6' value='WyJ7XCIxMC4xXCI6XCJmMWZjNTIxZWI2ZDIwYTdjZTE3OWMzMDlmZWE4MzdkN1wiLFwiMTAuMlwiOlwiNjBmYzNlZGExNTQyNjE4MzE5YWI2ZmVkYTI0MTUxYzFcIixcIjEwLjNcIjpcIjU0MzE4NTE5ZDA4ZjcyOTQ1MzY1NzQ4ODgzYTNkZTUzXCJ9IiwiYTk0MDFiODk4NWM0Yzk3ZmM0OGIzNTRkZTAzZjk2NmUiXQ==' \/>\n            <input type='hidden' class='gform_hidden' name='gform_target_page_number_6' id='gform_target_page_number_6' value='0' \/>\n            <input type='hidden' class='gform_hidden' name='gform_source_page_number_6' id='gform_source_page_number_6' value='1' \/>\n            <input type='hidden' name='gform_field_values' value='' \/>\n            \n        <\/div>\n                        <\/form>\n                        <\/div>\n                <iframe style='display:none;width:0px;height:0px;' src='about:blank' name='gform_ajax_frame_6' id='gform_ajax_frame_6' title='This iframe contains the logic required to handle Ajax powered Gravity Forms.'><\/iframe>\n                <script type='text\/javascript'>jQuery(document).ready(function($){gformInitSpinner( 6, '' );jQuery('#gform_ajax_frame_6').on('load',function(){var contents = jQuery(this).contents().find('*').html();var is_postback = contents.indexOf('GF_AJAX_POSTBACK') >= 0;if(!is_postback){return;}var form_content = jQuery(this).contents().find('#gform_wrapper_6');var is_confirmation = jQuery(this).contents().find('#gform_confirmation_wrapper_6').length > 0;var is_redirect = contents.indexOf('gformRedirect(){') >= 0;var is_form = form_content.length > 0 && ! is_redirect && ! is_confirmation;var mt = parseInt(jQuery('html').css('margin-top'), 10) + parseInt(jQuery('body').css('margin-top'), 10) + 100;if(is_form){jQuery('#gform_wrapper_6').html(form_content.html());if(form_content.hasClass('gform_validation_error')){jQuery('#gform_wrapper_6').addClass('gform_validation_error');} else {jQuery('#gform_wrapper_6').removeClass('gform_validation_error');}setTimeout( function() { \/* delay the scroll by 50 milliseconds to fix a bug in chrome *\/ jQuery(document).scrollTop(jQuery('#gform_wrapper_6').offset().top - mt); }, 50 );if(window['gformInitDatepicker']) {gformInitDatepicker();}if(window['gformInitPriceFields']) {gformInitPriceFields();}var current_page = jQuery('#gform_source_page_number_6').val();gformInitSpinner( 6, '' );jQuery(document).trigger('gform_page_loaded', [6, current_page]);window['gf_submitting_6'] = false;}else if(!is_redirect){var confirmation_content = jQuery(this).contents().find('.GF_AJAX_POSTBACK').html();if(!confirmation_content){confirmation_content = contents;}setTimeout(function(){jQuery('#gform_wrapper_6').replaceWith(confirmation_content);jQuery(document).scrollTop(jQuery('#gf_6').offset().top - mt);jQuery(document).trigger('gform_confirmation_loaded', [6]);window['gf_submitting_6'] = false;}, 50);}else{jQuery('#gform_6').append(contents);if(window['gformRedirect']) {gformRedirect();}}jQuery(document).trigger('gform_post_render', [6, current_page]);} );} );<\/script>\n","protected":false},"excerpt":{"rendered":"","protected":false},"author":137,"featured_media":0,"parent":0,"menu_order":120,"comment_status":"closed","ping_status":"closed","template":"","meta":{"footnotes":""},"class_list":["post-434","page","type-page","status-publish","hentry"],"yoast_head":"<!-- This site is optimized with the Yoast SEO plugin v26.9 - https:\/\/yoast.com\/product\/yoast-seo-wordpress\/ -->\n<title>Contact Spa | Les Galets Rouges<\/title>\n<meta name=\"robots\" content=\"index, follow, max-snippet:-1, max-image-preview:large, max-video-preview:-1\" \/>\n<link rel=\"canonical\" href=\"https:\/\/www.lesgaletsrouges.com\/en\/contact-spa\/\" \/>\n<meta property=\"og:locale\" content=\"en_US\" \/>\n<meta property=\"og:type\" content=\"article\" \/>\n<meta property=\"og:title\" content=\"Contact Spa | Les Galets Rouges\" \/>\n<meta property=\"og:url\" content=\"https:\/\/www.lesgaletsrouges.com\/en\/contact-spa\/\" \/>\n<meta property=\"og:site_name\" content=\"Les Galets Rouges\" \/>\n<meta property=\"article:modified_time\" content=\"2022-02-21T09:18:53+00:00\" \/>\n<meta name=\"twitter:card\" content=\"summary_large_image\" \/>\n<meta name=\"twitter:label1\" content=\"Est. reading time\" \/>\n\t<meta name=\"twitter:data1\" content=\"1 minute\" \/>\n<script type=\"application\/ld+json\" class=\"yoast-schema-graph\">{\"@context\":\"https:\/\/schema.org\",\"@graph\":[{\"@type\":\"WebPage\",\"@id\":\"https:\/\/www.lesgaletsrouges.com\/en\/contact-spa\/\",\"url\":\"https:\/\/www.lesgaletsrouges.com\/en\/contact-spa\/\",\"name\":\"Contact Spa | Les Galets Rouges\",\"isPartOf\":{\"@id\":\"https:\/\/www.lesgaletsrouges.com\/en\/#website\"},\"datePublished\":\"2021-12-22T18:24:37+00:00\",\"dateModified\":\"2022-02-21T09:18:53+00:00\",\"breadcrumb\":{\"@id\":\"https:\/\/www.lesgaletsrouges.com\/en\/contact-spa\/#breadcrumb\"},\"inLanguage\":\"en-US\",\"potentialAction\":[{\"@type\":\"ReadAction\",\"target\":[\"https:\/\/www.lesgaletsrouges.com\/en\/contact-spa\/\"]}]},{\"@type\":\"BreadcrumbList\",\"@id\":\"https:\/\/www.lesgaletsrouges.com\/en\/contact-spa\/#breadcrumb\",\"itemListElement\":[{\"@type\":\"ListItem\",\"position\":1,\"name\":\"Home\",\"item\":\"https:\/\/www.lesgaletsrouges.com\/en\/\"},{\"@type\":\"ListItem\",\"position\":2,\"name\":\"Contact Spa\"}]},{\"@type\":\"WebSite\",\"@id\":\"https:\/\/www.lesgaletsrouges.com\/en\/#website\",\"url\":\"https:\/\/www.lesgaletsrouges.com\/en\/\",\"name\":\"Les Galets Rouges\",\"description\":\"\",\"potentialAction\":[{\"@type\":\"SearchAction\",\"target\":{\"@type\":\"EntryPoint\",\"urlTemplate\":\"https:\/\/www.lesgaletsrouges.com\/en\/?s={search_term_string}\"},\"query-input\":{\"@type\":\"PropertyValueSpecification\",\"valueRequired\":true,\"valueName\":\"search_term_string\"}}],\"inLanguage\":\"en-US\"}]}<\/script>\n<!-- \/ Yoast SEO plugin. -->","yoast_head_json":{"title":"Contact Spa | Les Galets Rouges","robots":{"index":"index","follow":"follow","max-snippet":"max-snippet:-1","max-image-preview":"max-image-preview:large","max-video-preview":"max-video-preview:-1"},"canonical":"https:\/\/www.lesgaletsrouges.com\/en\/contact-spa\/","og_locale":"en_US","og_type":"article","og_title":"Contact Spa | Les Galets Rouges","og_url":"https:\/\/www.lesgaletsrouges.com\/en\/contact-spa\/","og_site_name":"Les Galets Rouges","article_modified_time":"2022-02-21T09:18:53+00:00","twitter_card":"summary_large_image","twitter_misc":{"Est. reading time":"1 minute"},"schema":{"@context":"https:\/\/schema.org","@graph":[{"@type":"WebPage","@id":"https:\/\/www.lesgaletsrouges.com\/en\/contact-spa\/","url":"https:\/\/www.lesgaletsrouges.com\/en\/contact-spa\/","name":"Contact Spa | Les Galets Rouges","isPartOf":{"@id":"https:\/\/www.lesgaletsrouges.com\/en\/#website"},"datePublished":"2021-12-22T18:24:37+00:00","dateModified":"2022-02-21T09:18:53+00:00","breadcrumb":{"@id":"https:\/\/www.lesgaletsrouges.com\/en\/contact-spa\/#breadcrumb"},"inLanguage":"en-US","potentialAction":[{"@type":"ReadAction","target":["https:\/\/www.lesgaletsrouges.com\/en\/contact-spa\/"]}]},{"@type":"BreadcrumbList","@id":"https:\/\/www.lesgaletsrouges.com\/en\/contact-spa\/#breadcrumb","itemListElement":[{"@type":"ListItem","position":1,"name":"Home","item":"https:\/\/www.lesgaletsrouges.com\/en\/"},{"@type":"ListItem","position":2,"name":"Contact Spa"}]},{"@type":"WebSite","@id":"https:\/\/www.lesgaletsrouges.com\/en\/#website","url":"https:\/\/www.lesgaletsrouges.com\/en\/","name":"Les Galets Rouges","description":"","potentialAction":[{"@type":"SearchAction","target":{"@type":"EntryPoint","urlTemplate":"https:\/\/www.lesgaletsrouges.com\/en\/?s={search_term_string}"},"query-input":{"@type":"PropertyValueSpecification","valueRequired":true,"valueName":"search_term_string"}}],"inLanguage":"en-US"}]}},"acf":[],"_links":{"self":[{"href":"https:\/\/www.lesgaletsrouges.com\/en\/wp-json\/wp\/v2\/pages\/434","targetHints":{"allow":["GET"]}}],"collection":[{"href":"https:\/\/www.lesgaletsrouges.com\/en\/wp-json\/wp\/v2\/pages"}],"about":[{"href":"https:\/\/www.lesgaletsrouges.com\/en\/wp-json\/wp\/v2\/types\/page"}],"author":[{"embeddable":true,"href":"https:\/\/www.lesgaletsrouges.com\/en\/wp-json\/wp\/v2\/users\/137"}],"replies":[{"embeddable":true,"href":"https:\/\/www.lesgaletsrouges.com\/en\/wp-json\/wp\/v2\/comments?post=434"}],"version-history":[{"count":0,"href":"https:\/\/www.lesgaletsrouges.com\/en\/wp-json\/wp\/v2\/pages\/434\/revisions"}],"wp:attachment":[{"href":"https:\/\/www.lesgaletsrouges.com\/en\/wp-json\/wp\/v2\/media?parent=434"}],"curies":[{"name":"wp","href":"https:\/\/api.w.org\/{rel}","templated":true}]}}